{"id":21582,"date":"2023-07-28T10:26:26","date_gmt":"2023-07-28T10:26:26","guid":{"rendered":"https:\/\/keenitsolutions.com\/products\/wordpress\/braintech\/?page_id=21582"},"modified":"2023-12-17T21:51:26","modified_gmt":"2023-12-17T21:51:26","slug":"uslugezaugostitelje","status":"publish","type":"page","link":"https:\/\/swextend.com\/en\/uslugezaugostitelje\/","title":{"rendered":"Services for caterers"},"content":{"rendered":"<div data-elementor-type=\"wp-page\" data-elementor-id=\"21582\" class=\"elementor elementor-21582\">\n\t\t\t\t\t\t<section class=\"elementor-section elementor-top-section elementor-element elementor-element-8091946 elementor-section-stretched elementor-section-full_width elementor-section-height-default elementor-section-height-default\" data-id=\"8091946\" data-element_type=\"section\" data-settings=\"{&quot;stretch_section&quot;:&quot;section-stretched&quot;,&quot;background_background&quot;:&quot;classic&quot;}\">\n\t\t\t\t\t\t<div class=\"elementor-container elementor-column-gap-default\">\n\t\t\t\t\t<div class=\"elementor-column elementor-col-100 elementor-top-column elementor-element elementor-element-47c3a69\" data-id=\"47c3a69\" data-element_type=\"column\">\n\t\t\t<div class=\"elementor-widget-wrap elementor-element-populated\">\n\t\t\t\t\t\t<section class=\"elementor-section elementor-inner-section elementor-element elementor-element-663993d elementor-section-boxed elementor-section-height-default elementor-section-height-default\" data-id=\"663993d\" data-element_type=\"section\">\n\t\t\t\t\t\t<div class=\"elementor-container elementor-column-gap-default\">\n\t\t\t\t\t<div class=\"elementor-column elementor-col-33 elementor-inner-column elementor-element elementor-element-d3bf847\" data-id=\"d3bf847\" data-element_type=\"column\">\n\t\t\t<div class=\"elementor-widget-wrap\">\n\t\t\t\t\t\t\t<\/div>\n\t\t<\/div>\n\t\t\t\t<div class=\"elementor-column elementor-col-33 elementor-inner-column elementor-element elementor-element-9c47abc\" data-id=\"9c47abc\" data-element_type=\"column\">\n\t\t\t<div class=\"elementor-widget-wrap elementor-element-populated\">\n\t\t\t\t\t\t<div class=\"elementor-element elementor-element-1ce07dcf elementor-widget elementor-widget-rs-heading\" data-id=\"1ce07dcf\" data-element_type=\"widget\" data-widget_type=\"rs-heading.default\">\n\t\t\t\t<div class=\"elementor-widget-container\">\n\t\t\t\t\t        <div class=\"rs-heading style4 center\">\r\n        \t<div class=\"title-inner\">        \t\t      \t\t\r\n\t            <span class=\"sub-text\">Let's go together<\/span><h2 class=\"title\"><span class=\"watermark\"><\/span>Are you ready to transform your restaurant?<\/h2>\t\t\t\t\t        <\/div>\r\n\t                    \t<div class=\"description\">\r\n            \t\t<p>Welcome to Swextend where we understand that success in the culinary world goes beyond great taste. Our range of specialized services is designed to empower restaurant owners, ensuring that your establishment not only meets, but exceeds the expectations of your discerning clientele.<\/p>            \t\t\r\n            \t<\/div>\r\n        \t        <\/div>\r\n\r\n        \t\t\t\t<\/div>\n\t\t\t\t<\/div>\n\t\t\t\t\t<\/div>\n\t\t<\/div>\n\t\t\t\t<div class=\"elementor-column elementor-col-33 elementor-inner-column elementor-element elementor-element-f4961e2\" data-id=\"f4961e2\" data-element_type=\"column\">\n\t\t\t<div class=\"elementor-widget-wrap\">\n\t\t\t\t\t\t\t<\/div>\n\t\t<\/div>\n\t\t\t\t\t<\/div>\n\t\t<\/section>\n\t\t\t\t<section class=\"elementor-section elementor-inner-section elementor-element elementor-element-63575259 elementor-section-content-middle animated-slow elementor-section-boxed elementor-section-height-default elementor-section-height-default elementor-invisible\" data-id=\"63575259\" data-element_type=\"section\" data-settings=\"{&quot;animation&quot;:&quot;pulse&quot;}\">\n\t\t\t\t\t\t<div class=\"elementor-container elementor-column-gap-default\">\n\t\t\t\t\t<div class=\"elementor-column elementor-col-25 elementor-inner-column elementor-element elementor-element-25b4d77\" data-id=\"25b4d77\" data-element_type=\"column\">\n\t\t\t<div class=\"elementor-widget-wrap elementor-element-populated\">\n\t\t\t\t\t\t<div class=\"elementor-element elementor-element-697fdeab elementor-widget elementor-widget-rs-number-grid\" data-id=\"697fdeab\" data-element_type=\"widget\" data-widget_type=\"rs-number-grid.default\">\n\t\t\t\t<div class=\"elementor-widget-container\">\n\t\t\t\t\t\t\t\t\r\n\t\t<div class=\"rs-addon-number number\">\r\n\t\t    <div class=\"number-part\">\t    \t\t       \r\n\t\t\t    <div class=\"number-text\">\r\n\t\t\t    \t\t\t\t    \t\t<div class=\"number-area\">\r\n\t\t\t\t    \t\t<span class=\"number-prefix\">\r\n\t\t\t\t    \t\t\t1\t\t\t\t    \t\t<\/span>\r\n\t\t\t    \t\t<\/div>\r\n\t\t    \t\t\r\n\t\t\t    \t\t\t\t\t    \t<div class=\"number-title\">\r\n\t\t\t\t    \t\t\t\t\t\t    \t\t\t<h3 class=\"title\"> Preparing the restaurant for opening<\/h3>\r\n\t\t\t\t    \t\t\t\t\t\t    \t\t\r\n\t\t\t\t    \t<\/div>\r\n\t\t\t    \t\t\r\n\r\n\t\t\t    \t\t\t\t    \t\t<p class=\"number-txt\">  Starting a new venture? Let us guide you through the critical pre-opening phase. Our specialist training equips your team with the skills and knowledge required to ensure a flawless opening day, setting the stage for a successful journey ahead.<\/p>\t\r\n\t\t\t    \t\t\r\n\r\n\t    \t    \t\t\t\t    <\/div>\r\n\t\t\t<\/div>\r\n\t\t<\/div>\t\t\t\t\r\n\t\t\t\t\t<\/div>\n\t\t\t\t<\/div>\n\t\t\t\t\t<\/div>\n\t\t<\/div>\n\t\t\t\t<div class=\"elementor-column elementor-col-25 elementor-inner-column elementor-element elementor-element-5f268d0\" data-id=\"5f268d0\" data-element_type=\"column\">\n\t\t\t<div class=\"elementor-widget-wrap elementor-element-populated\">\n\t\t\t\t\t\t<div class=\"elementor-element elementor-element-5c4a716c elementor-widget elementor-widget-rs-number-grid\" data-id=\"5c4a716c\" data-element_type=\"widget\" data-widget_type=\"rs-number-grid.default\">\n\t\t\t\t<div class=\"elementor-widget-container\">\n\t\t\t\t\t\t\t\t\r\n\t\t<div class=\"rs-addon-number number\">\r\n\t\t    <div class=\"number-part\">\t    \t\t       \r\n\t\t\t    <div class=\"number-text\">\r\n\t\t\t    \t\t\t\t    \t\t<div class=\"number-area\">\r\n\t\t\t\t    \t\t<span class=\"number-prefix\">\r\n\t\t\t\t    \t\t\t2\t\t\t\t    \t\t<\/span>\r\n\t\t\t    \t\t<\/div>\r\n\t\t    \t\t\r\n\t\t\t    \t\t\t\t\t    \t<div class=\"number-title\">\r\n\t\t\t\t    \t\t\t\t\t\t    \t\t\t<h3 class=\"title\"> Staff training<\/h3>\r\n\t\t\t\t    \t\t\t\t\t\t    \t\t\r\n\t\t\t\t    \t<\/div>\r\n\t\t\t    \t\t\r\n\r\n\t\t\t    \t\t\t\t    \t\t<p class=\"number-txt\">  Enhance your restaurant experience with our comprehensive waiter training program. From mastering etiquette, customer service to optimizing order accuracy, our customized training ensures that your staff provide superior service, leaving a lasting impression on your customers.<\/p>\t\r\n\t\t\t    \t\t\r\n\r\n\t    \t    \t\t\t\t    <\/div>\r\n\t\t\t<\/div>\r\n\t\t<\/div>\t\t\t\t\r\n\t\t\t\t\t<\/div>\n\t\t\t\t<\/div>\n\t\t\t\t\t<\/div>\n\t\t<\/div>\n\t\t\t\t<div class=\"elementor-column elementor-col-25 elementor-inner-column elementor-element elementor-element-44ceff06\" data-id=\"44ceff06\" data-element_type=\"column\">\n\t\t\t<div class=\"elementor-widget-wrap elementor-element-populated\">\n\t\t\t\t\t\t<div class=\"elementor-element elementor-element-2141d12b elementor-widget elementor-widget-rs-number-grid\" data-id=\"2141d12b\" data-element_type=\"widget\" data-widget_type=\"rs-number-grid.default\">\n\t\t\t\t<div class=\"elementor-widget-container\">\n\t\t\t\t\t\t\t\t\r\n\t\t<div class=\"rs-addon-number number\">\r\n\t\t    <div class=\"number-part\">\t    \t\t       \r\n\t\t\t    <div class=\"number-text\">\r\n\t\t\t    \t\t\t\t    \t\t<div class=\"number-area\">\r\n\t\t\t\t    \t\t<span class=\"number-prefix\">\r\n\t\t\t\t    \t\t\t3\t\t\t\t    \t\t<\/span>\r\n\t\t\t    \t\t<\/div>\r\n\t\t    \t\t\r\n\t\t\t    \t\t\t\t\t    \t<div class=\"number-title\">\r\n\t\t\t\t    \t\t\t\t\t\t    \t\t\t<h3 class=\"title\"> Selling skills<\/h3>\r\n\t\t\t\t    \t\t\t\t\t\t    \t\t\r\n\t\t\t\t    \t<\/div>\r\n\t\t\t    \t\t\r\n\r\n\t\t\t    \t\t\t\t    \t\t<p class=\"number-txt\">  Increase your income with our targeted sales skills training. Learn the art of increasing sales, effective menu presentations, and customer engagement strategies that drive profitability. Let every interaction with the client be an effective influence through proven work methodologies and communication techniques.<\/p>\t\r\n\t\t\t    \t\t\r\n\r\n\t    \t    \t\t\t\t    <\/div>\r\n\t\t\t<\/div>\r\n\t\t<\/div>\t\t\t\t\r\n\t\t\t\t\t<\/div>\n\t\t\t\t<\/div>\n\t\t\t\t\t<\/div>\n\t\t<\/div>\n\t\t\t\t<div class=\"elementor-column elementor-col-25 elementor-inner-column elementor-element elementor-element-482e242e\" data-id=\"482e242e\" data-element_type=\"column\">\n\t\t\t<div class=\"elementor-widget-wrap elementor-element-populated\">\n\t\t\t\t\t\t<div class=\"elementor-element elementor-element-78b0a922 elementor-widget elementor-widget-rs-number-grid\" data-id=\"78b0a922\" data-element_type=\"widget\" data-widget_type=\"rs-number-grid.default\">\n\t\t\t\t<div class=\"elementor-widget-container\">\n\t\t\t\t\t\t\t\t\r\n\t\t<div class=\"rs-addon-number number\">\r\n\t\t    <div class=\"number-part\">\t    \t\t       \r\n\t\t\t    <div class=\"number-text\">\r\n\t\t\t    \t\t\t\t    \t\t<div class=\"number-area\">\r\n\t\t\t\t    \t\t<span class=\"number-prefix\">\r\n\t\t\t\t    \t\t\t4\t\t\t\t    \t\t<\/span>\r\n\t\t\t    \t\t<\/div>\r\n\t\t    \t\t\r\n\t\t\t    \t\t\t\t\t    \t<div class=\"number-title\">\r\n\t\t\t\t    \t\t\t\t\t\t    \t\t\t<h3 class=\"title\"> Support for managers<\/h3>\r\n\t\t\t\t    \t\t\t\t\t\t    \t\t\r\n\t\t\t\t    \t<\/div>\r\n\t\t\t    \t\t\r\n\r\n\t\t\t    \t\t\t\t    \t\t<p class=\"number-txt\">  Empower your team to manage our comprehensive support services. From operational efficiency, cost reduction, process optimization, our manager support program equips managers\/leaders with the tools they need to effectively deal with challenges, fostering a positive work environment.<\/p>\t\r\n\t\t\t    \t\t\r\n\r\n\t    \t    \t\t\t\t    <\/div>\r\n\t\t\t<\/div>\r\n\t\t<\/div>\t\t\t\t\r\n\t\t\t\t\t<\/div>\n\t\t\t\t<\/div>\n\t\t\t\t\t<\/div>\n\t\t<\/div>\n\t\t\t\t\t<\/div>\n\t\t<\/section>\n\t\t\t\t\t<\/div>\n\t\t<\/div>\n\t\t\t\t\t<\/div>\n\t\t<\/section>\n\t\t\t\t<section class=\"elementor-section elementor-top-section elementor-element elementor-element-12fb3b05 elementor-section-full_width elementor-section-stretched elementor-section-height-default elementor-section-height-default\" data-id=\"12fb3b05\" data-element_type=\"section\" data-settings=\"{&quot;stretch_section&quot;:&quot;section-stretched&quot;,&quot;background_background&quot;:&quot;classic&quot;}\">\n\t\t\t\t\t\t<div class=\"elementor-container elementor-column-gap-default\">\n\t\t\t\t\t<div class=\"elementor-column elementor-col-100 elementor-top-column elementor-element elementor-element-5b82197d\" data-id=\"5b82197d\" data-element_type=\"column\">\n\t\t\t<div class=\"elementor-widget-wrap elementor-element-populated\">\n\t\t\t\t\t\t<div class=\"elementor-element elementor-element-7caa27a elementor-widget elementor-widget-rs-heading\" data-id=\"7caa27a\" data-element_type=\"widget\" data-widget_type=\"rs-heading.default\">\n\t\t\t\t<div class=\"elementor-widget-container\">\n\t\t\t\t\t        <div class=\"rs-heading style4 center\">\r\n        \t<div class=\"title-inner\">        \t\t      \t\t\r\n\t            <span class=\"sub-text\">Unlocking the restaurant's potential<\/span><h2 class=\"title\"><span class=\"watermark\"><\/span>A seamless synergy of services where skill meets success.<\/h2>\t\t\t\t\t        <\/div>\r\n\t                    \t<div class=\"description\">\r\n            \t\t<p>At Swextend, we recognize the complex balance required to <strong>successful restaurant<\/strong> \u2013 from flawless service to strategic management. Whether you are embarking on a new venture or want to improve your current work, our <strong>customized solutions<\/strong> are designed to enhance every aspect of your restaurant, making it the destination of choice for culinary enthusiasts.<\/p>            \t\t\r\n            \t<\/div>\r\n        \t        <\/div>\r\n\r\n        \t\t\t\t<\/div>\n\t\t\t\t<\/div>\n\t\t\t\t<div class=\"elementor-element elementor-element-8fd3b9b animated-slow elementor-invisible elementor-widget elementor-widget-image\" data-id=\"8fd3b9b\" data-element_type=\"widget\" data-settings=\"{&quot;_animation&quot;:&quot;zoomIn&quot;}\" data-widget_type=\"image.default\">\n\t\t\t\t<div class=\"elementor-widget-container\">\n\t\t\t\t\t\t\t\t\t\t\t\t\t\t\t<img fetchpriority=\"high\" decoding=\"async\" width=\"640\" height=\"427\" src=\"https:\/\/swextend.com\/wp-content\/uploads\/2023\/11\/lasagna-5994612_1280-1024x683.jpg\" class=\"attachment-large size-large wp-image-22085\" alt=\"\" srcset=\"https:\/\/swextend.com\/wp-content\/uploads\/2023\/11\/lasagna-5994612_1280-1024x683.jpg 1024w, https:\/\/swextend.com\/wp-content\/uploads\/2023\/11\/lasagna-5994612_1280-300x200.jpg 300w, https:\/\/swextend.com\/wp-content\/uploads\/2023\/11\/lasagna-5994612_1280-768x512.jpg 768w, https:\/\/swextend.com\/wp-content\/uploads\/2023\/11\/lasagna-5994612_1280-18x12.jpg 18w, https:\/\/swextend.com\/wp-content\/uploads\/2023\/11\/lasagna-5994612_1280-365x243.jpg 365w, https:\/\/swextend.com\/wp-content\/uploads\/2023\/11\/lasagna-5994612_1280-600x400.jpg 600w, https:\/\/swextend.com\/wp-content\/uploads\/2023\/11\/lasagna-5994612_1280.jpg 1280w\" sizes=\"(max-width: 640px) 100vw, 640px\" \/>\t\t\t\t\t\t\t\t\t\t\t\t\t\t\t<\/div>\n\t\t\t\t<\/div>\n\t\t\t\t<section class=\"elementor-section elementor-inner-section elementor-element elementor-element-255cf951 elementor-section-boxed elementor-section-height-default elementor-section-height-default\" data-id=\"255cf951\" data-element_type=\"section\">\n\t\t\t\t\t\t<div class=\"elementor-container elementor-column-gap-default\">\n\t\t\t\t\t<div class=\"elementor-column elementor-col-100 elementor-inner-column elementor-element elementor-element-4f1ddbb3\" data-id=\"4f1ddbb3\" data-element_type=\"column\">\n\t\t\t<div class=\"elementor-widget-wrap elementor-element-populated\">\n\t\t\t\t\t\t<div class=\"elementor-element elementor-element-7a3edf72 elementor-widget elementor-widget-rs-heading\" data-id=\"7a3edf72\" data-element_type=\"widget\" data-widget_type=\"rs-heading.default\">\n\t\t\t\t<div class=\"elementor-widget-container\">\n\t\t\t\t\t        <div class=\"rs-heading style4 center\">\r\n        \t<div class=\"title-inner\">        \t\t      \t\t\r\n\t            <h2 class=\"title\"><span class=\"watermark\"><\/span>Creating unforgettable experiences<\/h2>\t\t\t\t\t        <\/div>\r\n\t                    \t<div class=\"description\">\r\n            \t\t<p>Swextend is not just about services; we want to improve the success of your restaurant. Partner with us to nurture a skilled, motivated team and create unforgettable dining experiences. Let's embark together on a journey towards culinary magic.<\/p><p>Kontaktirajte nas danas za personalizirane konsultacije i po\u010dnimo zajedno stvarati nezaboravna gastronomska iskustva!<\/p>            \t\t\r\n            \t<\/div>\r\n        \t        <\/div>\r\n\r\n        \t\t\t\t<\/div>\n\t\t\t\t<\/div>\n\t\t\t\t<div class=\"elementor-element elementor-element-12b3678 elementor-widget elementor-widget-rs-button\" data-id=\"12b3678\" data-element_type=\"widget\" data-widget_type=\"rs-button.default\">\n\t\t\t\t<div class=\"elementor-widget-container\">\n\t\t\t\t\t\t\r\n\t\t\r\n\t\t\t\t\t<div class=\"rs-btn\">\r\n\t\t\t\t\t\t\t\t<a class=\"readon rs_button\" href=\"https:\/\/swextend.com\/en\/contact\/\" >\t\t\t\t\r\n\t\t\t\t\t<span class=\"btn_text\">Contact us<\/span>\r\n\t\t\t\t\t\t\t\t\t<\/a>\r\n\t\t\t<\/div> \r\n\t\t   \r\n\t\t\t\t\t<\/div>\n\t\t\t\t<\/div>\n\t\t\t\t\t<\/div>\n\t\t<\/div>\n\t\t\t\t\t<\/div>\n\t\t<\/section>\n\t\t\t\t\t<\/div>\n\t\t<\/div>\n\t\t\t\t\t<\/div>\n\t\t<\/section>\n\t\t\t\t<\/div>","protected":false},"excerpt":{"rendered":"<p>Idemo zajedno Jeste li spremni da transformirate svoj restoran? Dobrodo\u0161li u Swextend gdje razumijemo da uspjeh u kulinarskom svijetu prevazilazi odli\u010dan ukus. Na\u0161 asortiman specijalizovanih usluga osmi\u0161ljen je da osna\u017ei vlasnike restorana, osiguravaju\u0107i da va\u0161 objekat ne samo da ispuni, ve\u0107 i prevazi\u0111e o\u010dekivanja va\u0161e pronicljive klijentele. 1 Priprema restorana za otvorenje Pokretanje novog pothvata?&#8230;<\/p>","protected":false},"author":1,"featured_media":0,"parent":0,"menu_order":0,"comment_status":"closed","ping_status":"closed","template":"","meta":{"footnotes":""},"class_list":["post-21582","page","type-page","status-publish","hentry"],"_links":{"self":[{"href":"https:\/\/swextend.com\/en\/wp-json\/wp\/v2\/pages\/21582","targetHints":{"allow":["GET"]}}],"collection":[{"href":"https:\/\/swextend.com\/en\/wp-json\/wp\/v2\/pages"}],"about":[{"href":"https:\/\/swextend.com\/en\/wp-json\/wp\/v2\/types\/page"}],"author":[{"embeddable":true,"href":"https:\/\/swextend.com\/en\/wp-json\/wp\/v2\/users\/1"}],"replies":[{"embeddable":true,"href":"https:\/\/swextend.com\/en\/wp-json\/wp\/v2\/comments?post=21582"}],"version-history":[{"count":28,"href":"https:\/\/swextend.com\/en\/wp-json\/wp\/v2\/pages\/21582\/revisions"}],"predecessor-version":[{"id":22282,"href":"https:\/\/swextend.com\/en\/wp-json\/wp\/v2\/pages\/21582\/revisions\/22282"}],"wp:attachment":[{"href":"https:\/\/swextend.com\/en\/wp-json\/wp\/v2\/media?parent=21582"}],"curies":[{"name":"wp","href":"https:\/\/api.w.org\/{rel}","templated":true}]}}