{"id":21472,"date":"2023-11-18T20:28:23","date_gmt":"2023-11-18T20:28:23","guid":{"rendered":"https:\/\/keenitsolutions.com\/products\/wordpress\/braintech\/?page_id=21472"},"modified":"2025-02-06T18:55:03","modified_gmt":"2025-02-06T18:55:03","slug":"impressum_swextend","status":"publish","type":"page","link":"https:\/\/swextend.com\/en\/impressum_swextend\/","title":{"rendered":"Impressum"},"content":{"rendered":"<p>Swextend agency<\/p>\r\n\r\n\r\n\r\n<p>Sweextend Business Development Agency, with headquarters at 76 Fra Ambre Mileti\u0107a Street, Mostar, Bosnia and Herzegovina.<\/p>\r\n\r\n\r\n\r\n<p><strong>Swextend<\/strong><br \/>JMBG: 1903967155008<br \/>email: info@swextend.com<br \/>tel: +387 62 942 457<\/p>\r\n\r\n\r\n\r\n<p>&nbsp;<\/p>\r\n\r\n\r\n\r\n<p>&nbsp;<\/p>\r\n\r\n\r\n\r\n<p>&nbsp;<\/p>\r\n\r\n\r\n\r\n<p>&nbsp;<\/p>","protected":false},"excerpt":{"rendered":"<p>Agencija Swextend Agencija za poslovno unapre\u0111enje Sweextend, sa poslovnim sjedi\u0161tem u ulici Fra Ambre Mileti\u0107a 76. Mostar, Bosna i Hercegovina. SwextendJMBG: 1903967155008email: info@swextend.comtel: +387 62 942 457 &nbsp; &nbsp; &nbsp; &nbsp;<\/p>","protected":false},"author":1,"featured_media":0,"parent":0,"menu_order":0,"comment_status":"closed","ping_status":"closed","template":"","meta":{"footnotes":""},"class_list":["post-21472","page","type-page","status-publish","hentry"],"_links":{"self":[{"href":"https:\/\/swextend.com\/en\/wp-json\/wp\/v2\/pages\/21472","targetHints":{"allow":["GET"]}}],"collection":[{"href":"https:\/\/swextend.com\/en\/wp-json\/wp\/v2\/pages"}],"about":[{"href":"https:\/\/swextend.com\/en\/wp-json\/wp\/v2\/types\/page"}],"author":[{"embeddable":true,"href":"https:\/\/swextend.com\/en\/wp-json\/wp\/v2\/users\/1"}],"replies":[{"embeddable":true,"href":"https:\/\/swextend.com\/en\/wp-json\/wp\/v2\/comments?post=21472"}],"version-history":[{"count":5,"href":"https:\/\/swextend.com\/en\/wp-json\/wp\/v2\/pages\/21472\/revisions"}],"predecessor-version":[{"id":22424,"href":"https:\/\/swextend.com\/en\/wp-json\/wp\/v2\/pages\/21472\/revisions\/22424"}],"wp:attachment":[{"href":"https:\/\/swextend.com\/en\/wp-json\/wp\/v2\/media?parent=21472"}],"curies":[{"name":"wp","href":"https:\/\/api.w.org\/{rel}","templated":true}]}}