{"id":13202,"date":"2020-11-29T11:52:12","date_gmt":"2020-11-29T11:52:12","guid":{"rendered":"http:\/\/192.168.0.108\/braintech\/?page_id=13202"},"modified":"2023-12-20T21:37:49","modified_gmt":"2023-12-20T21:37:49","slug":"faqs","status":"publish","type":"page","link":"https:\/\/swextend.com\/en\/faqs\/","title":{"rendered":"FAQs"},"content":{"rendered":"<div data-elementor-type=\"wp-page\" data-elementor-id=\"13202\" class=\"elementor elementor-13202\">\n\t\t\t\t\t\t<section class=\"elementor-section elementor-top-section elementor-element elementor-element-79af6d58 elementor-section-stretched elementor-section-boxed elementor-section-height-default elementor-section-height-default\" data-id=\"79af6d58\" data-element_type=\"section\" data-settings=\"{&quot;stretch_section&quot;:&quot;section-stretched&quot;,&quot;background_background&quot;:&quot;classic&quot;}\">\n\t\t\t\t\t\t<div class=\"elementor-container elementor-column-gap-default\">\n\t\t\t\t\t<div class=\"elementor-column elementor-col-100 elementor-top-column elementor-element elementor-element-72d3a088\" data-id=\"72d3a088\" data-element_type=\"column\">\n\t\t\t<div class=\"elementor-widget-wrap elementor-element-populated\">\n\t\t\t\t\t\t<section class=\"elementor-section elementor-inner-section elementor-element elementor-element-5884657c elementor-section-boxed elementor-section-height-default elementor-section-height-default\" data-id=\"5884657c\" data-element_type=\"section\">\n\t\t\t\t\t\t<div class=\"elementor-container elementor-column-gap-default\">\n\t\t\t\t\t<div class=\"elementor-column elementor-col-50 elementor-inner-column elementor-element elementor-element-1efb2a0b\" data-id=\"1efb2a0b\" data-element_type=\"column\">\n\t\t\t<div class=\"elementor-widget-wrap elementor-element-populated\">\n\t\t\t\t\t\t<div class=\"elementor-element elementor-element-708bd8ad elementor-widget elementor-widget-rs-image-shabe-animation-effect\" data-id=\"708bd8ad\" data-element_type=\"widget\" data-widget_type=\"rs-image-shabe-animation-effect.default\">\n\t\t\t\t<div class=\"elementor-widget-container\">\n\t\t\t\t\t\n        <div class=\"rs-animation-shape-image\">\n\n            \n\n                            <div class=\"middle-image\">\n                    <img decoding=\"async\" src=\"https:\/\/swextend.com\/wp-content\/uploads\/2023\/10\/swextend_fav_icon.png\" alt=\"image\"\/>\n                <\/div>\n            \n\n                            <div class=\"shape\">\n                    <img decoding=\"async\" class=\"dance\" src=\"https:\/\/swextend.com\/wp-content\/uploads\/2020\/11\/ngbng.png\" alt=\"image\"\/>\n                <\/div>\n            \n\n            \n\n\n        <\/div>      \n    \t\t\t\t<\/div>\n\t\t\t\t<\/div>\n\t\t\t\t\t<\/div>\n\t\t<\/div>\n\t\t\t\t<div class=\"elementor-column elementor-col-50 elementor-inner-column elementor-element elementor-element-42ed7642\" data-id=\"42ed7642\" data-element_type=\"column\">\n\t\t\t<div class=\"elementor-widget-wrap elementor-element-populated\">\n\t\t\t\t\t\t<div class=\"elementor-element elementor-element-4d05e2c1 elementor-widget elementor-widget-rs-heading\" data-id=\"4d05e2c1\" data-element_type=\"widget\" data-widget_type=\"rs-heading.default\">\n\t\t\t\t<div class=\"elementor-widget-container\">\n\t\t\t\t\t        <div class=\"rs-heading style15 left\">\r\n        \t<div class=\"title-inner\">        \t\t      \t\t\r\n\t            <span class=\"sub-text\">FAQs<\/span><h2 class=\"title\"><span class=\"watermark\"><\/span>Frequently asked questions<\/h2>\t\t\t\t\t        <\/div>\r\n\t                <\/div>\r\n\r\n        \t\t\t\t<\/div>\n\t\t\t\t<\/div>\n\t\t\t\t<div class=\"elementor-element elementor-element-759ba4ce elementor-widget elementor-widget-rs-accordions\" data-id=\"759ba4ce\" data-element_type=\"widget\" data-widget_type=\"rs-accordions.default\">\n\t\t\t\t<div class=\"elementor-widget-container\">\n\t\t\t\t\t            <div class=\"rsaddon-unique-accordion\">\n                <div id=\"accordion16881\" class=\"rs-addon-accordion accdstyle2\">                   \n                        \n                                            \n                        <div >\n                        \t                        \t\t<span class=\"elementor-accordion-icon elementor-accordion-icon-right\" aria-hidden=\"true\">\n                        \t\t                        \t\t\t<span class=\"elementor-accordion-icon-closed\"><i class=\"fas fa-plus\"><\/i><\/span>\n                        \t\t\t<span class=\"elementor-accordion-icon-opened\"><i class=\"fas fa-minus\"><\/i><\/span>\n                        \t\t                        \t\t<\/span>\n                        \t                        \t<a class=\"elementor-accordion-title\" href=\"\">\n                        \t\t\n                        \t\t<span>What services does Swextend offer?<\/span>  \n\n                        \t\t\t                        \t\t\t                        \t\t\t                        \t\n                        \t<\/a>\n                        \t<\/div>                                                                 \n                            \n\n                                                                        \n                                <div class=\"accordion-desc\">                                    \n                               \t\t<p>Swextend offers a wide range of services, including [list some key services or solutions]. Our expert team is dedicated to helping you achieve your goals by tailoring our services to your specific needs.<\/p> \n                            \t<\/div>                                            \n                                                            \n                            \n                                                \n                        <div >\n                        \t                        \t\t<span class=\"elementor-accordion-icon elementor-accordion-icon-right\" aria-hidden=\"true\">\n                        \t\t                        \t\t\t<span class=\"elementor-accordion-icon-closed\"><i class=\"fas fa-plus\"><\/i><\/span>\n                        \t\t\t<span class=\"elementor-accordion-icon-opened\"><i class=\"fas fa-minus\"><\/i><\/span>\n                        \t\t                        \t\t<\/span>\n                        \t                        \t<a class=\"elementor-accordion-title\" href=\"\">\n                        \t\t\n                        \t\t<span>What sets Swextend apart from other competitors in the industry?<\/span>  \n\n                        \t\t\t                        \t\t\t                        \t\t\t                        \t\n                        \t<\/a>\n                        \t<\/div>                                                                 \n                            \n\n                                                                        \n                                <div class=\"accordion-desc\">                                    \n                               \t\t<p>Swextend stands out through our [mention unique selling points or strengths, such as expertise, customer service, technology, etc.]. We are committed to providing exceptional value and results to our clients.<\/p> \n                            \t<\/div>                                            \n                                                            \n                            \n                                                \n                        <div >\n                        \t                        \t\t<span class=\"elementor-accordion-icon elementor-accordion-icon-right\" aria-hidden=\"true\">\n                        \t\t                        \t\t\t<span class=\"elementor-accordion-icon-closed\"><i class=\"fas fa-plus\"><\/i><\/span>\n                        \t\t\t<span class=\"elementor-accordion-icon-opened\"><i class=\"fas fa-minus\"><\/i><\/span>\n                        \t\t                        \t\t<\/span>\n                        \t                        \t<a class=\"elementor-accordion-title\" href=\"\">\n                        \t\t\n                        \t\t<span>How can I be informed of your latest blog posts and updates?<\/span>  \n\n                        \t\t\t                        \t\t\t                        \t\t\t                        \t\n                        \t<\/a>\n                        \t<\/div>                                                                 \n                            \n\n                                                                        \n                                <div class=\"accordion-desc\">                                    \n                               \t\t<p>To keep up to date with our latest blog posts and news, you can [instruct us to subscribe to your newsletter or follow your social media channels]. We also encourage you to check our website regularly for fresh content.<\/p> \n                            \t<\/div>                                            \n                                                            \n                            \n                                                \n                        <div >\n                        \t                        \t\t<span class=\"elementor-accordion-icon elementor-accordion-icon-right\" aria-hidden=\"true\">\n                        \t\t                        \t\t\t<span class=\"elementor-accordion-icon-closed\"><i class=\"fas fa-plus\"><\/i><\/span>\n                        \t\t\t<span class=\"elementor-accordion-icon-opened\"><i class=\"fas fa-minus\"><\/i><\/span>\n                        \t\t                        \t\t<\/span>\n                        \t                        \t<a class=\"elementor-accordion-title\" href=\"\">\n                        \t\t\n                        \t\t<span>Do you offer consulting for [specific industry or issue]?<\/span>  \n\n                        \t\t\t                        \t\t\t                        \t\t\t                        \t\n                        \t<\/a>\n                        \t<\/div>                                                                 \n                            \n\n                                                                        \n                                <div class=\"accordion-desc\">                                    \n                               \t\t<p>Yes, we have experience in [mention relevant industries or issues]. Our consultants have a diverse skill set and can provide tailored solutions to address unique challenges within your industry or specific problem area.<\/p> \n                            \t<\/div>                                            \n                                                            \n                            \n                                              \n                <\/div>              \n            <\/div>\n            <script>\n            jQuery( function() {            \t\n              \tjQuery(\"#accordion16881\").accordion();\n            \t} );\n            <\/script>\n        \t\t\t\t<\/div>\n\t\t\t\t<\/div>\n\t\t\t\t\t<\/div>\n\t\t<\/div>\n\t\t\t\t\t<\/div>\n\t\t<\/section>\n\t\t\t\t\t<\/div>\n\t\t<\/div>\n\t\t\t\t\t<\/div>\n\t\t<\/section>\n\t\t\t\t<section class=\"elementor-section elementor-top-section elementor-element elementor-element-3fe6c0b4 elementor-section-full_width elementor-section-height-default elementor-section-height-default\" data-id=\"3fe6c0b4\" data-element_type=\"section\" data-settings=\"{&quot;background_background&quot;:&quot;gradient&quot;}\">\n\t\t\t\t\t\t<div class=\"elementor-container elementor-column-gap-default\">\n\t\t\t\t\t<div class=\"elementor-column elementor-col-100 elementor-top-column elementor-element elementor-element-1115343c\" data-id=\"1115343c\" data-element_type=\"column\">\n\t\t\t<div class=\"elementor-widget-wrap elementor-element-populated\">\n\t\t\t\t\t\t<div class=\"elementor-element elementor-element-2689da51 elementor-widget elementor-widget-rs-heading\" data-id=\"2689da51\" data-element_type=\"widget\" data-widget_type=\"rs-heading.default\">\n\t\t\t\t<div class=\"elementor-widget-container\">\n\t\t\t\t\t        <div class=\"rs-heading style15 center\">\r\n        \t<div class=\"title-inner\">        \t\t      \t\t\r\n\t            <span class=\"sub-text\">Contact<\/span><h2 class=\"title\"><span class=\"watermark\"><\/span>If you did not find the answer for you, please contact us<\/h2>\t\t\t\t\t        <\/div>\r\n\t                <\/div>\r\n\r\n        \t\t\t\t<\/div>\n\t\t\t\t<\/div>\n\t\t\t\t<div class=\"elementor-element elementor-element-2e7d16a elementor-widget elementor-widget-rs-cf7\" data-id=\"2e7d16a\" data-element_type=\"widget\" data-widget_type=\"rs-cf7.default\">\n\t\t\t\t<div class=\"elementor-widget-container\">\n\t\t\t\t\t\n<div class=\"wpcf7 no-js\" id=\"wpcf7-f11861-o1\" lang=\"en-US\" dir=\"ltr\" data-wpcf7-id=\"11861\">\n<div class=\"screen-reader-response\"><p role=\"status\" aria-live=\"polite\" aria-atomic=\"true\"><\/p> <ul><\/ul><\/div>\n<form action=\"\/en\/wp-json\/wp\/v2\/pages\/13202#wpcf7-f11861-o1\" method=\"post\" class=\"wpcf7-form init\" aria-label=\"Contact form\" novalidate=\"novalidate\" data-status=\"init\" data-trp-original-action=\"\/en\/wp-json\/wp\/v2\/pages\/13202#wpcf7-f11861-o1\">\n<fieldset class=\"hidden-fields-container\"><input type=\"hidden\" name=\"_wpcf7\" value=\"11861\" \/><input type=\"hidden\" name=\"_wpcf7_version\" value=\"6.1.4\" \/><input type=\"hidden\" name=\"_wpcf7_locale\" value=\"en_US\" \/><input type=\"hidden\" name=\"_wpcf7_unit_tag\" value=\"wpcf7-f11861-o1\" \/><input type=\"hidden\" name=\"_wpcf7_container_post\" value=\"0\" \/><input type=\"hidden\" name=\"_wpcf7_posted_data_hash\" value=\"\" \/><input type=\"hidden\" name=\"_wpcf7_recaptcha_response\" value=\"\" \/>\n<\/fieldset>\n<div class=\"row\">\n\t<div class=\"col-sm-6\">\n\t\t<p><span class=\"wpcf7-form-control-wrap\" data-name=\"your-name\"><input size=\"40\" maxlength=\"400\" class=\"wpcf7-form-control wpcf7-text wpcf7-validates-as-required\" aria-required=\"true\" aria-invalid=\"false\" placeholder=\"Name\" value=\"\" type=\"text\" name=\"your-name\" \/><\/span>\n\t\t<\/p>\n\t<\/div>\n\t<div class=\"col-sm-6\">\n\t\t<p><span class=\"wpcf7-form-control-wrap\" data-name=\"your-email\"><input size=\"40\" maxlength=\"400\" class=\"wpcf7-form-control wpcf7-email wpcf7-validates-as-required wpcf7-text wpcf7-validates-as-email\" aria-required=\"true\" aria-invalid=\"false\" placeholder=\"E-Mail\" value=\"\" type=\"email\" name=\"your-email\" \/><\/span>\n\t\t<\/p>\n\t<\/div>\n\t<div class=\"col-sm-6\">\n\t\t<p><span class=\"wpcf7-form-control-wrap\" data-name=\"your-phone\"><input size=\"40\" maxlength=\"400\" class=\"wpcf7-form-control wpcf7-text wpcf7-validates-as-required\" aria-required=\"true\" aria-invalid=\"false\" placeholder=\"Telephone number\" value=\"\" type=\"text\" name=\"your-phone\" \/><\/span>\n\t\t<\/p>\n\t<\/div>\n\t<div class=\"col-sm-6\">\n\t\t<p><span class=\"wpcf7-form-control-wrap\" data-name=\"your-website\"><input size=\"40\" maxlength=\"400\" class=\"wpcf7-form-control wpcf7-text\" aria-invalid=\"false\" placeholder=\"Company-Organization\" value=\"\" type=\"text\" name=\"your-website\" \/><\/span>\n\t\t<\/p>\n\t<\/div>\n\t<div class=\"col-sm-12\">\n\t\t<p><span class=\"wpcf7-form-control-wrap\" data-name=\"your-subject\"><input size=\"40\" maxlength=\"400\" class=\"wpcf7-form-control wpcf7-text\" aria-invalid=\"false\" placeholder=\"Naslov poruke\" value=\"\" type=\"text\" name=\"your-subject\" \/><\/span>\n\t\t<\/p>\n\t<\/div>\n\t<div class=\"col-sm-12\">\n\t\t<p><span class=\"wpcf7-form-control-wrap\" data-name=\"your-message\"><textarea cols=\"40\" rows=\"10\" maxlength=\"2000\" class=\"wpcf7-form-control wpcf7-textarea\" aria-invalid=\"false\" placeholder=\"Additional information\" name=\"your-message\"><\/textarea><\/span>\n\t\t<\/p>\n\t<\/div>\n\t<div class=\"form-button col-sm-12\">\n\t\t<p class=\"submit-btn\"><input class=\"wpcf7-form-control wpcf7-submit has-spinner\" type=\"submit\" value=\"Send inquiry\" \/>\n\t\t<\/p>\n\t<\/div>\n<\/div><p style=\"display: none !important;\" class=\"akismet-fields-container\" data-prefix=\"_wpcf7_ak_\"><label>&#916;<textarea name=\"_wpcf7_ak_hp_textarea\" cols=\"45\" rows=\"8\" maxlength=\"100\"><\/textarea><\/label><input type=\"hidden\" id=\"ak_js_1\" name=\"_wpcf7_ak_js\" value=\"120\"\/><script>document.getElementById( \"ak_js_1\" ).setAttribute( \"value\", ( new Date() ).getTime() );<\/script><\/p><div class=\"wpcf7-response-output\" aria-hidden=\"true\"><\/div>\n<input type=\"hidden\" name=\"trp-form-language\" value=\"en\"\/><\/form>\n<\/div>\n\t\t\t\t<\/div>\n\t\t\t\t<\/div>\n\t\t\t\t\t<\/div>\n\t\t<\/div>\n\t\t\t\t\t<\/div>\n\t\t<\/section>\n\t\t\t\t<section class=\"elementor-section elementor-top-section elementor-element elementor-element-3f2d7c66 elementor-section-boxed elementor-section-height-default elementor-section-height-default\" data-id=\"3f2d7c66\" data-element_type=\"section\" data-settings=\"{&quot;background_background&quot;:&quot;classic&quot;}\">\n\t\t\t\t\t\t<div class=\"elementor-container elementor-column-gap-default\">\n\t\t\t\t\t<div class=\"elementor-column elementor-col-100 elementor-top-column elementor-element elementor-element-a68e456\" data-id=\"a68e456\" data-element_type=\"column\">\n\t\t\t<div class=\"elementor-widget-wrap\">\n\t\t\t\t\t\t\t<\/div>\n\t\t<\/div>\n\t\t\t\t\t<\/div>\n\t\t<\/section>\n\t\t\t\t<\/div>","protected":false},"excerpt":{"rendered":"<p>FAQs Naj\u010de\u0161\u0107e postavljana pitanja Koje usluge nudi Swextend? Swextend nudi \u0161irok raspon usluga, uklju\u010duju\u0107i [navedite neke klju\u010dne usluge ili rje\u0161enja]. Na\u0161 stru\u010dni tim posve\u0107en je pomo\u0107i vam u postizanju va\u0161ih ciljeva prilago\u0111avanjem na\u0161ih usluga va\u0161im specifi\u010dnim potrebama. \u0160to Swextend izdvaja od ostalih konkurenata u industriji? Swextend isti\u010de se kroz na\u0161e [spomenite jedinstvene prodajne prednosti ili&#8230;<\/p>","protected":false},"author":1,"featured_media":0,"parent":0,"menu_order":0,"comment_status":"closed","ping_status":"closed","template":"","meta":{"footnotes":""},"class_list":["post-13202","page","type-page","status-publish","hentry"],"_links":{"self":[{"href":"https:\/\/swextend.com\/en\/wp-json\/wp\/v2\/pages\/13202","targetHints":{"allow":["GET"]}}],"collection":[{"href":"https:\/\/swextend.com\/en\/wp-json\/wp\/v2\/pages"}],"about":[{"href":"https:\/\/swextend.com\/en\/wp-json\/wp\/v2\/types\/page"}],"author":[{"embeddable":true,"href":"https:\/\/swextend.com\/en\/wp-json\/wp\/v2\/users\/1"}],"replies":[{"embeddable":true,"href":"https:\/\/swextend.com\/en\/wp-json\/wp\/v2\/comments?post=13202"}],"version-history":[{"count":10,"href":"https:\/\/swextend.com\/en\/wp-json\/wp\/v2\/pages\/13202\/revisions"}],"predecessor-version":[{"id":22395,"href":"https:\/\/swextend.com\/en\/wp-json\/wp\/v2\/pages\/13202\/revisions\/22395"}],"wp:attachment":[{"href":"https:\/\/swextend.com\/en\/wp-json\/wp\/v2\/media?parent=13202"}],"curies":[{"name":"wp","href":"https:\/\/api.w.org\/{rel}","templated":true}]}}