{"id":11597,"date":"2020-11-23T06:45:54","date_gmt":"2020-11-23T06:45:54","guid":{"rendered":"http:\/\/192.168.0.108\/braintech\/?page_id=11597"},"modified":"2023-12-17T20:56:22","modified_gmt":"2023-12-17T20:56:22","slug":"humanitarni-rad","status":"publish","type":"page","link":"https:\/\/swextend.com\/en\/services\/humanitarni-rad\/","title":{"rendered":"Humanitarian work"},"content":{"rendered":"<div data-elementor-type=\"wp-page\" data-elementor-id=\"11597\" class=\"elementor elementor-11597\">\n\t\t\t\t\t\t<section class=\"elementor-section elementor-top-section elementor-element elementor-element-378e9bd5 elementor-section-full_width elementor-section-content-middle elementor-section-height-default elementor-section-height-default\" data-id=\"378e9bd5\" data-element_type=\"section\">\n\t\t\t\t\t\t<div class=\"elementor-container elementor-column-gap-wide\">\n\t\t\t\t\t<div class=\"elementor-column elementor-col-50 elementor-top-column elementor-element elementor-element-4865cf78\" data-id=\"4865cf78\" data-element_type=\"column\">\n\t\t\t<div class=\"elementor-widget-wrap elementor-element-populated\">\n\t\t\t\t\t\t<div class=\"elementor-element elementor-element-3b2bca18 elementor-widget elementor-widget-rs-heading\" data-id=\"3b2bca18\" data-element_type=\"widget\" data-widget_type=\"rs-heading.default\">\n\t\t\t\t<div class=\"elementor-widget-container\">\n\t\t\t\t\t        <div class=\"rs-heading style14\">\r\n        \t<div class=\"title-inner\">        \t\t      \t\t\r\n\t            <span class=\"sub-text\">swextend mission<\/span><h2 class=\"title\"><span class=\"watermark\"><\/span>Our humanitarian initiatives are dedicated to providing a brighter future for children in need<\/h2>\t\t\t\t\t\t\t\t\t<div class=\"heading-line\"><\/div>\r\n\t\t\t\t\t        <\/div>\r\n\t                    \t<div class=\"description\">\r\n            \t\t<p>The association Na\u0161a djeca is financed by the humanitarian foundations Our Kids Foundation Great Britain and V\u00e5ra Barn Sweden. Support program for young people without parental care. The association also receives valuable donations from private individuals from the local community, the whole of Bosnia and Herzegovina, as well as from all over the world.<\/p>            \t\t\r\n            \t<\/div>\r\n        \t        <\/div>\r\n\r\n        \t\t\t\t<\/div>\n\t\t\t\t<\/div>\n\t\t\t\t<div class=\"elementor-element elementor-element-7e364241 elementor-widget elementor-widget-text-editor\" data-id=\"7e364241\" data-element_type=\"widget\" data-widget_type=\"text-editor.default\">\n\t\t\t\t<div class=\"elementor-widget-container\">\n\t\t\t\t\t\t\t\t\t<p>Your support is crucial in making a lasting impact on the lives of these children. By contributing, you become a catalyst for positive change. Your donation helps fund education, healthcare and community development projects, directly changing the lives of children in need.<\/p><p><strong>Donate today:<\/strong><\/p><p>Join us in making a difference. Your generosity fuels our efforts and brings hope to those who need it most. Click the \"Donate Now\" button below to contribute and be part of our mission to create a better world for children.<\/p>\t\t\t\t\t\t\t\t<\/div>\n\t\t\t\t<\/div>\n\t\t\t\t<div class=\"elementor-element elementor-element-0e9104f elementor-widget elementor-widget-rs-button\" data-id=\"0e9104f\" data-element_type=\"widget\" data-widget_type=\"rs-button.default\">\n\t\t\t\t<div class=\"elementor-widget-container\">\n\t\t\t\t\t\t\r\n\t\t\r\n\t\t\t\t\t<div class=\"rs-btn\">\r\n\t\t\t\t\t\t\t\t<a class=\"readon rs_button\" href=\"https:\/\/donate.justgiving.com\/donation-amount?uri=aHR0cHM6Ly9kb25hdGUtYXBpLmp1c3RnaXZpbmcuY29tL2FwaS9kb25hdGlvbnMvY2E0ZmI3MzVjMTRkNDFmY2JlNWM1ZmExYTRjMmE5ZTU\/aXNDaGVja291dEFwaT10cnVl\" >\t\t\t\t\r\n\t\t\t\t\t<span class=\"btn_text\">Donate now<\/span>\r\n\t\t\t\t\t\t\t\t\t<\/a>\r\n\t\t\t<\/div> \r\n\t\t   \r\n\t\t\t\t\t<\/div>\n\t\t\t\t<\/div>\n\t\t\t\t\t<\/div>\n\t\t<\/div>\n\t\t\t\t<div class=\"elementor-column elementor-col-50 elementor-top-column elementor-element elementor-element-475b3f25 animated-slow\" data-id=\"475b3f25\" data-element_type=\"column\" data-settings=\"{&quot;animation&quot;:&quot;none&quot;,&quot;animation_delay&quot;:500}\">\n\t\t\t<div class=\"elementor-widget-wrap elementor-element-populated\">\n\t\t\t\t\t\t<div class=\"elementor-element elementor-element-b809bd1 elementor-widget elementor-widget-image\" data-id=\"b809bd1\" data-element_type=\"widget\" data-widget_type=\"image.default\">\n\t\t\t\t<div class=\"elementor-widget-container\">\n\t\t\t\t\t\t\t\t\t\t\t\t\t\t\t<img decoding=\"async\" width=\"150\" height=\"150\" src=\"https:\/\/swextend.com\/wp-content\/uploads\/2023\/10\/swextend_fav_icon-150x150.png\" class=\"attachment-thumbnail size-thumbnail wp-image-21875\" alt=\"\" srcset=\"https:\/\/swextend.com\/wp-content\/uploads\/2023\/10\/swextend_fav_icon-150x150.png 150w, https:\/\/swextend.com\/wp-content\/uploads\/2023\/10\/swextend_fav_icon-300x300.png 300w, https:\/\/swextend.com\/wp-content\/uploads\/2023\/10\/swextend_fav_icon-100x100.png 100w, https:\/\/swextend.com\/wp-content\/uploads\/2023\/10\/swextend_fav_icon.png 500w\" sizes=\"(max-width: 150px) 100vw, 150px\" \/>\t\t\t\t\t\t\t\t\t\t\t\t\t\t\t<\/div>\n\t\t\t\t<\/div>\n\t\t\t\t<div class=\"elementor-element elementor-element-4586c090 animated-slow elementor-widget elementor-widget-image\" data-id=\"4586c090\" data-element_type=\"widget\" data-settings=\"{&quot;_animation&quot;:&quot;none&quot;}\" data-widget_type=\"image.default\">\n\t\t\t\t<div class=\"elementor-widget-container\">\n\t\t\t\t\t\t\t\t\t\t\t\t\t\t\t<img fetchpriority=\"high\" decoding=\"async\" width=\"640\" height=\"436\" src=\"https:\/\/swextend.com\/wp-content\/uploads\/2023\/11\/children-2178857_1280-1024x698.jpg\" class=\"attachment-large size-large wp-image-22044\" alt=\"\" srcset=\"https:\/\/swextend.com\/wp-content\/uploads\/2023\/11\/children-2178857_1280-1024x698.jpg 1024w, https:\/\/swextend.com\/wp-content\/uploads\/2023\/11\/children-2178857_1280-300x204.jpg 300w, https:\/\/swextend.com\/wp-content\/uploads\/2023\/11\/children-2178857_1280-768x523.jpg 768w, https:\/\/swextend.com\/wp-content\/uploads\/2023\/11\/children-2178857_1280-18x12.jpg 18w, https:\/\/swextend.com\/wp-content\/uploads\/2023\/11\/children-2178857_1280-600x409.jpg 600w, https:\/\/swextend.com\/wp-content\/uploads\/2023\/11\/children-2178857_1280.jpg 1280w\" sizes=\"(max-width: 640px) 100vw, 640px\" \/>\t\t\t\t\t\t\t\t\t\t\t\t\t\t\t<\/div>\n\t\t\t\t<\/div>\n\t\t\t\t\t<\/div>\n\t\t<\/div>\n\t\t\t\t\t<\/div>\n\t\t<\/section>\n\t\t\t\t<section class=\"elementor-section elementor-top-section elementor-element elementor-element-38076f75 elementor-section-full_width elementor-section-height-default elementor-section-height-default\" data-id=\"38076f75\" data-element_type=\"section\">\n\t\t\t\t\t\t<div class=\"elementor-container elementor-column-gap-default\">\n\t\t\t\t\t<div class=\"elementor-column elementor-col-100 elementor-top-column elementor-element elementor-element-7d66a9cd\" data-id=\"7d66a9cd\" data-element_type=\"column\">\n\t\t\t<div class=\"elementor-widget-wrap elementor-element-populated\">\n\t\t\t\t\t\t<section class=\"elementor-section elementor-inner-section elementor-element elementor-element-542dca6c elementor-section-full_width elementor-section-height-default elementor-section-height-default\" data-id=\"542dca6c\" data-element_type=\"section\">\n\t\t\t\t\t\t<div class=\"elementor-container elementor-column-gap-default\">\n\t\t\t\t\t<div class=\"elementor-column elementor-col-33 elementor-inner-column elementor-element elementor-element-4a068b1c\" data-id=\"4a068b1c\" data-element_type=\"column\">\n\t\t\t<div class=\"elementor-widget-wrap elementor-element-populated\">\n\t\t\t\t\t\t<div class=\"elementor-element elementor-element-327e1103 elementor-widget elementor-widget-rs-service-grid\" data-id=\"327e1103\" data-element_type=\"widget\" data-settings=\"{&quot;_animation&quot;:&quot;none&quot;}\" data-widget_type=\"rs-service-grid.default\">\n\t\t\t\t<div class=\"elementor-widget-container\">\n\t\t\t\t\t\t\t\r\n\t\t<div class=\"rs-animation-yes rs-addon-services services-style4 service_shape_ box_shadow_serial_disable\">\r\n\t\t    <div class=\"services-part image-align-\">\r\n\t\t    \t\t\t\t    \t\t    \t\t\r\n\t\t    \t\r\n\t\t    \t\t\t\r\n\t\t    \t\t\t\t\t\t    \t\t\t<div class=\"services-icon elementor-animation-shrink image\">\r\n\r\n\t\t\t\t\t    \t\t\r\n\t\t\t\t\t    \t\t\r\n\t\t\t\t\t    \t\t\t\t\t\t\t    \t\t\t<img decoding=\"async\" class=\"main-img\" src=\"https:\/\/keenitsolutions.com\/products\/wordpress\/braintech\/wp-content\/uploads\/2020\/11\/repair-expert.png\" alt=\"image\"\/>\r\n\t\t\t\t\t    \t\t\t\r\n\t\t\t\t\t    \t\t\t\t\t\t\t    \t\t\r\n\t\t\t\t    \t\t<\/div>\r\n\t\t\t    \t\t\r\n\r\n\t\t    \t\t\t    \t\t       \r\n\t\t\t    <div class=\"services-text\">\r\n\r\n\t\t\t    \t\r\n\t\t\t    \t\t\t    \t    \t\t\t    \t\t    \t<div class=\"services-title\">\t\t\t\t    \t\t\r\n\t\t    \t\t    \t\t\t\t    \t\t    \t\t\t<h3 class=\"title\"> Education for all<\/h3>\r\n\t\t    \t\t    \t\t\t\t\t\t    \t\t\r\n\t\t    \t\t    \t<\/div>\r\n\t\t    \t    \t\t\t\t\t    \r\n\t\t\t    \t\t\t\t    \t\t<p class=\"services-txt\">  Our educational initiatives are focused on providing access to quality education, school supplies and scholarships.<\/p>\t\r\n\t\t\t    \t\t\r\n\r\n\r\n\r\n\t\t\t    \t\t    \t    \t\t\t    \t    \t\r\n\r\n\r\n\r\n\t\t\t    <\/div>\r\n\t\t\t<\/div>\r\n\t\t<\/div>\t\r\n\t\t\r\n\t\t\t\t\t<\/div>\n\t\t\t\t<\/div>\n\t\t\t\t\t<\/div>\n\t\t<\/div>\n\t\t\t\t<div class=\"elementor-column elementor-col-33 elementor-inner-column elementor-element elementor-element-200afddb\" data-id=\"200afddb\" data-element_type=\"column\">\n\t\t\t<div class=\"elementor-widget-wrap elementor-element-populated\">\n\t\t\t\t\t\t<div class=\"elementor-element elementor-element-38056c60 icon_bg_style1 elementor-widget elementor-widget-rs-service-grid\" data-id=\"38056c60\" data-element_type=\"widget\" data-settings=\"{&quot;_animation&quot;:&quot;none&quot;}\" data-widget_type=\"rs-service-grid.default\">\n\t\t\t\t<div class=\"elementor-widget-container\">\n\t\t\t\t\t\t\t\r\n\t\t<div class=\"rs-animation-yes rs-addon-services services-style4 service_shape_ box_shadow_serial_disable\">\r\n\t\t    <div class=\"services-part image-align-\">\r\n\t\t    \t\t\t\t    \t\t    \t\t\r\n\t\t    \t\r\n\t\t    \t\t\t\r\n\t\t    \t\t\t\t\t\t    \t\t\t<div class=\"services-icon elementor-animation-shrink image\">\r\n\r\n\t\t\t\t\t    \t\t\r\n\t\t\t\t\t    \t\t\r\n\t\t\t\t\t    \t\t\t\t\t\t\t    \t\t\t<img decoding=\"async\" class=\"main-img\" src=\"https:\/\/keenitsolutions.com\/products\/wordpress\/braintech\/wp-content\/uploads\/2020\/11\/bar-chart.png\" alt=\"image\"\/>\r\n\t\t\t\t\t    \t\t\t\r\n\t\t\t\t\t    \t\t\t\t\t\t\t    \t\t\r\n\t\t\t\t    \t\t<\/div>\r\n\t\t\t    \t\t\r\n\r\n\t\t    \t\t\t    \t\t       \r\n\t\t\t    <div class=\"services-text\">\r\n\r\n\t\t\t    \t\r\n\t\t\t    \t\t\t    \t    \t\t\t    \t\t    \t<div class=\"services-title\">\t\t\t\t    \t\t\r\n\t\t    \t\t    \t\t\t\t    \t\t    \t\t\t<h3 class=\"title\"> Health support<\/h3>\r\n\t\t    \t\t    \t\t\t\t\t\t    \t\t\r\n\t\t    \t\t    \t<\/div>\r\n\t\t    \t    \t\t\t\t\t    \r\n\t\t\t    \t\t\t\t    \t\t<p class=\"services-txt\">  Our priority is the health and well-being of the children we serve. Our health care programs offer prosperity to our children.<\/p>\t\r\n\t\t\t    \t\t\r\n\r\n\r\n\r\n\t\t\t    \t\t    \t    \t\t\t    \t    \t\r\n\r\n\r\n\r\n\t\t\t    <\/div>\r\n\t\t\t<\/div>\r\n\t\t<\/div>\t\r\n\t\t\r\n\t\t\t\t\t<\/div>\n\t\t\t\t<\/div>\n\t\t\t\t\t<\/div>\n\t\t<\/div>\n\t\t\t\t<div class=\"elementor-column elementor-col-33 elementor-inner-column elementor-element elementor-element-76073b3b\" data-id=\"76073b3b\" data-element_type=\"column\">\n\t\t\t<div class=\"elementor-widget-wrap elementor-element-populated\">\n\t\t\t\t\t\t<div class=\"elementor-element elementor-element-27a83ca5 icon_bg_style1 elementor-widget elementor-widget-rs-service-grid\" data-id=\"27a83ca5\" data-element_type=\"widget\" data-settings=\"{&quot;_animation&quot;:&quot;none&quot;}\" data-widget_type=\"rs-service-grid.default\">\n\t\t\t\t<div class=\"elementor-widget-container\">\n\t\t\t\t\t\t\t\r\n\t\t<div class=\"rs-animation-yes rs-addon-services services-style4 service_shape_ box_shadow_serial_disable\">\r\n\t\t    <div class=\"services-part image-align-\">\r\n\t\t    \t\t\t\t    \t\t    \t\t\r\n\t\t    \t\r\n\t\t    \t\t\t\r\n\t\t    \t\t\t\t\t\t    \t\t\t<div class=\"services-icon elementor-animation-shrink image\">\r\n\r\n\t\t\t\t\t    \t\t\r\n\t\t\t\t\t    \t\t\r\n\t\t\t\t\t    \t\t\t\t\t\t\t    \t\t\t<img decoding=\"async\" class=\"main-img\" src=\"https:\/\/keenitsolutions.com\/products\/wordpress\/braintech\/wp-content\/uploads\/2020\/11\/idea.png\" alt=\"image\"\/>\r\n\t\t\t\t\t    \t\t\t\r\n\t\t\t\t\t    \t\t\t\t\t\t\t    \t\t\r\n\t\t\t\t    \t\t<\/div>\r\n\t\t\t    \t\t\r\n\r\n\t\t    \t\t\t    \t\t       \r\n\t\t\t    <div class=\"services-text\">\r\n\r\n\t\t\t    \t\r\n\t\t\t    \t\t\t    \t    \t\t\t    \t\t    \t<div class=\"services-title\">\t\t\t\t    \t\t\r\n\t\t    \t\t    \t\t\t\t    \t\t    \t\t\t<h3 class=\"title\"> Community development<\/h3>\r\n\t\t    \t\t    \t\t\t\t\t\t    \t\t\r\n\t\t    \t\t    \t<\/div>\r\n\t\t    \t    \t\t\t\t\t    \r\n\t\t\t    \t\t\t\t    \t\t<p class=\"services-txt\">  In addition to individual support, we are involved in community development projects that create a positive and sustainable impact.<\/p>\t\r\n\t\t\t    \t\t\r\n\r\n\r\n\r\n\t\t\t    \t\t    \t    \t\t\t    \t    \t\r\n\r\n\r\n\r\n\t\t\t    <\/div>\r\n\t\t\t<\/div>\r\n\t\t<\/div>\t\r\n\t\t\r\n\t\t\t\t\t<\/div>\n\t\t\t\t<\/div>\n\t\t\t\t\t<\/div>\n\t\t<\/div>\n\t\t\t\t\t<\/div>\n\t\t<\/section>\n\t\t\t\t\t<\/div>\n\t\t<\/div>\n\t\t\t\t\t<\/div>\n\t\t<\/section>\n\t\t\t\t<section class=\"elementor-section elementor-top-section elementor-element elementor-element-63fc66dc elementor-section-full_width elementor-section-stretched elementor-section-height-default elementor-section-height-default\" data-id=\"63fc66dc\" data-element_type=\"section\" data-settings=\"{&quot;stretch_section&quot;:&quot;section-stretched&quot;,&quot;background_background&quot;:&quot;classic&quot;}\">\n\t\t\t\t\t\t\t<div class=\"elementor-background-overlay\"><\/div>\n\t\t\t\t\t\t\t<div class=\"elementor-container elementor-column-gap-default\">\n\t\t\t\t\t<div class=\"elementor-column elementor-col-100 elementor-top-column elementor-element elementor-element-41657cb9\" data-id=\"41657cb9\" data-element_type=\"column\">\n\t\t\t<div class=\"elementor-widget-wrap elementor-element-populated\">\n\t\t\t\t\t\t<section class=\"elementor-section elementor-inner-section elementor-element elementor-element-510a408c elementor-section-boxed elementor-section-height-default elementor-section-height-default\" data-id=\"510a408c\" data-element_type=\"section\">\n\t\t\t\t\t\t<div class=\"elementor-container elementor-column-gap-default\">\n\t\t\t\t\t<div class=\"elementor-column elementor-col-33 elementor-inner-column elementor-element elementor-element-a227cfa\" data-id=\"a227cfa\" data-element_type=\"column\">\n\t\t\t<div class=\"elementor-widget-wrap elementor-element-populated\">\n\t\t\t\t\t\t<div class=\"elementor-element elementor-element-3830f2ad elementor-widget elementor-widget-rs-counter\" data-id=\"3830f2ad\" data-element_type=\"widget\" data-widget_type=\"rs-counter.default\">\n\t\t\t\t<div class=\"elementor-widget-container\">\n\t\t\t\t\t\t\t<div class=\"counter-top-area style1\">\r\n\t\t    <div class=\"rs-counter-list\">\r\n\t\t    \t\r\n\t\t    \t\t\t    \t\t       \r\n\t\t\t    <div class=\"count-text\">\r\n\t\t\t    \t<div class=\"count-number\">\r\n\t\t\t    \t\t\t\t\t    \t\t\t<span class=\"rs-counter\"> 1000<\/span>\r\n\t\t\t    \t\t<span class=\"prefix\">+<\/span>\t\t\t    \t<\/div>\r\n\r\n\t\t\t    \t\t\t\t    \t\t<span class=\"title\">  Happy children<\/span>\t\r\n\t\t\t    \t\t\r\n\r\n\t\t\t    <\/div>\r\n\t\t\t<\/div>\r\n\t\t<\/div>\t\t\r\n\t\t\t\t\t<\/div>\n\t\t\t\t<\/div>\n\t\t\t\t\t<\/div>\n\t\t<\/div>\n\t\t\t\t<div class=\"elementor-column elementor-col-33 elementor-inner-column elementor-element elementor-element-3696a49b\" data-id=\"3696a49b\" data-element_type=\"column\">\n\t\t\t<div class=\"elementor-widget-wrap elementor-element-populated\">\n\t\t\t\t\t\t<div class=\"elementor-element elementor-element-631a90f elementor-widget elementor-widget-rs-counter\" data-id=\"631a90f\" data-element_type=\"widget\" data-widget_type=\"rs-counter.default\">\n\t\t\t\t<div class=\"elementor-widget-container\">\n\t\t\t\t\t\t\t<div class=\"counter-top-area style1\">\r\n\t\t    <div class=\"rs-counter-list\">\r\n\t\t    \t\r\n\t\t    \t\t\t    \t\t       \r\n\t\t\t    <div class=\"count-text\">\r\n\t\t\t    \t<div class=\"count-number\">\r\n\t\t\t    \t\t\t\t\t    \t\t\t<span class=\"rs-counter\"> 200<\/span>\r\n\t\t\t    \t\t<span class=\"prefix\">+<\/span>\t\t\t    \t<\/div>\r\n\r\n\t\t\t    \t\t\t\t    \t\t<span class=\"title\">  Completed projects<\/span>\t\r\n\t\t\t    \t\t\r\n\r\n\t\t\t    <\/div>\r\n\t\t\t<\/div>\r\n\t\t<\/div>\t\t\r\n\t\t\t\t\t<\/div>\n\t\t\t\t<\/div>\n\t\t\t\t\t<\/div>\n\t\t<\/div>\n\t\t\t\t<div class=\"elementor-column elementor-col-33 elementor-inner-column elementor-element elementor-element-1a63fc1b\" data-id=\"1a63fc1b\" data-element_type=\"column\">\n\t\t\t<div class=\"elementor-widget-wrap elementor-element-populated\">\n\t\t\t\t\t\t<div class=\"elementor-element elementor-element-7aa5c98e elementor-widget elementor-widget-rs-counter\" data-id=\"7aa5c98e\" data-element_type=\"widget\" data-widget_type=\"rs-counter.default\">\n\t\t\t\t<div class=\"elementor-widget-container\">\n\t\t\t\t\t\t\t<div class=\"counter-top-area style1\">\r\n\t\t    <div class=\"rs-counter-list\">\r\n\t\t    \t\r\n\t\t    \t\t\t    \t\t       \r\n\t\t\t    <div class=\"count-text\">\r\n\t\t\t    \t<div class=\"count-number\">\r\n\t\t\t    \t\t\t\t\t    \t\t\t<span class=\"rs-counter\"> 50<\/span>\r\n\t\t\t    \t\t<span class=\"prefix\">+<\/span>\t\t\t    \t<\/div>\r\n\r\n\t\t\t    \t\t\t\t    \t\t<span class=\"title\">  Activist<\/span>\t\r\n\t\t\t    \t\t\r\n\r\n\t\t\t    <\/div>\r\n\t\t\t<\/div>\r\n\t\t<\/div>\t\t\r\n\t\t\t\t\t<\/div>\n\t\t\t\t<\/div>\n\t\t\t\t\t<\/div>\n\t\t<\/div>\n\t\t\t\t\t<\/div>\n\t\t<\/section>\n\t\t\t\t\t<\/div>\n\t\t<\/div>\n\t\t\t\t\t<\/div>\n\t\t<\/section>\n\t\t\t\t<\/div>","protected":false},"excerpt":{"rendered":"<p>swextend misija Na\u0161e humanitarne inicijative posve\u0107ene su pru\u017eanju svjetlije budu\u0107nosti djeci u potrebi Udru\u017eenje Na\u0161a djeca se financira od strane humanitarnih fondacija Our Kids Foundation Velika Britanija i V\u00e5ra Barn \u0160vedska. Program podr\u0161ke mladima bez roditeljskog staranja. Udru\u017eenje prima i dragocjene donacije privatnih lica iz lokalne zajednice, cijele Bosne i Hercegovine, kao i iz cijelog&#8230;<\/p>","protected":false},"author":1,"featured_media":0,"parent":11559,"menu_order":0,"comment_status":"closed","ping_status":"closed","template":"","meta":{"footnotes":""},"class_list":["post-11597","page","type-page","status-publish","hentry"],"_links":{"self":[{"href":"https:\/\/swextend.com\/en\/wp-json\/wp\/v2\/pages\/11597","targetHints":{"allow":["GET"]}}],"collection":[{"href":"https:\/\/swextend.com\/en\/wp-json\/wp\/v2\/pages"}],"about":[{"href":"https:\/\/swextend.com\/en\/wp-json\/wp\/v2\/types\/page"}],"author":[{"embeddable":true,"href":"https:\/\/swextend.com\/en\/wp-json\/wp\/v2\/users\/1"}],"replies":[{"embeddable":true,"href":"https:\/\/swextend.com\/en\/wp-json\/wp\/v2\/comments?post=11597"}],"version-history":[{"count":17,"href":"https:\/\/swextend.com\/en\/wp-json\/wp\/v2\/pages\/11597\/revisions"}],"predecessor-version":[{"id":22217,"href":"https:\/\/swextend.com\/en\/wp-json\/wp\/v2\/pages\/11597\/revisions\/22217"}],"up":[{"embeddable":true,"href":"https:\/\/swextend.com\/en\/wp-json\/wp\/v2\/pages\/11559"}],"wp:attachment":[{"href":"https:\/\/swextend.com\/en\/wp-json\/wp\/v2\/media?parent=11597"}],"curies":[{"name":"wp","href":"https:\/\/api.w.org\/{rel}","templated":true}]}}